{"id":110,"date":"2019-05-04T10:45:01","date_gmt":"2019-05-04T10:45:01","guid":{"rendered":"http:\/\/bodn.is\/?page_id=110"},"modified":"2019-05-04T10:45:01","modified_gmt":"2019-05-04T10:45:01","slug":"son-4","status":"publish","type":"page","link":"https:\/\/bodn.is\/?page_id=110","title":{"rendered":"S\u00f3n 4"},"content":{"rendered":"<p><b>S\u00f3narlj\u00f3\u00f0 2006<img loading=\"lazy\" class=\"size-medium wp-image-86 alignright\" src=\"https:\/\/bodn.is\/wp-content\/uploads\/2019\/05\/son2006_forsida-204x300.jpg\" alt=\"\" width=\"204\" height=\"300\" srcset=\"https:\/\/bodn.is\/wp-content\/uploads\/2019\/05\/son2006_forsida-204x300.jpg 204w, https:\/\/bodn.is\/wp-content\/uploads\/2019\/05\/son2006_forsida.jpg 561w\" sizes=\"(max-width: 204px) 85vw, 204px\" \/><\/b><\/p>\n<ul class=\"son\">\n<li><a href=\"http:\/\/bragi.arnastofnun.is\/hofundur.php?ID=17355\">\u00deorsteinn fr\u00e1 Hamri<\/a>: <a href=\"http:\/\/bragi.arnastofnun.is\/ljod.php?ID=3903\">R\u00f3\u00f0ur \u00ed \u00e1lagsh\u00e6tti<\/a><\/li>\n<\/ul>\n<p><b>Greinar<\/b><\/p>\n<ul class=\"son\">\n<li>S\u00f3lveig Ebba \u00d3lafsd\u00f3ttir: R\u00edmur af Sk\u00f3gar-Kristi<\/li>\n<li>R\u00f3sa \u00deorsteinsd\u00f3ttir: \u201eS\u00e6l og blessu\u00f0, systir g\u00f3\u00f0\u201c<\/li>\n<li>Hj\u00f6rtur Marteinsson: \u201eGullbjartar titra g\u00e1rur bl\u00e1rra unna\u201c<\/li>\n<li><a href=\"http:\/\/bragi.arnastofnun.is\/hofundur.php?ID=17349\">\u00de\u00f3r\u00f0ur Helgason<\/a>: Gellini \u00e1 fer\u00f0 og flugi<\/li>\n<li>J\u00f3n Sigur\u00f0sson: Um Kolbein \u00ed Kollafir\u00f0i<\/li>\n<li>Einar J\u00f3nsson: \u201e&#8230; en eygir hvergi fjalli\u00f0 sj\u00e1lft\u201c<\/li>\n<li>\u00d6rn \u00d3lafsson: G\u00f6mul pr\u00f3salj\u00f3\u00f0 og fr\u00edlj\u00f3\u00f0<\/li>\n<li>A\u00f0alhei\u00f0ur Gu\u00f0mundsd\u00f3ttir: Lj\u00f3\u00f0 2005<\/li>\n<\/ul>\n<p><b>H\u00f6fundar lj\u00f3\u00f0a<\/b><\/p>\n<ul class=\"son\">\n<li><a href=\"http:\/\/bragi.arnastofnun.is\/hofundur.php?ID=16120\">Sigr\u00fan Haraldsd\u00f3ttir<\/a>:\n<ul class=\"son2\">\n<li><a href=\"http:\/\/bragi.arnastofnun.is\/ljod.php?ID=4452\">Kentucky Fried Chicken<\/a><\/li>\n<li><a href=\"http:\/\/bragi.arnastofnun.is\/ljod.php?ID=4453\">Undraflj\u00f3\u00f0i\u00f0<\/a><\/li>\n<li><a href=\"http:\/\/bragi.arnastofnun.is\/ljod.php?ID=4462\">L\u00e6kjarsonnetta<\/a><\/li>\n<li><a href=\"http:\/\/bragi.arnastofnun.is\/ljod.php?ID=4455\">J\u00f3l<\/a><\/li>\n<li><a href=\"http:\/\/bragi.arnastofnun.is\/ljod.php?ID=4456\">\u00cd ringulrei\u00f0inni<\/a><\/li>\n<li><a href=\"http:\/\/bragi.arnastofnun.is\/ljod.php?ID=4457\">\u00cd \u00fe\u00e1t\u00ed\u00f0<\/a><\/li>\n<li><a href=\"http:\/\/bragi.arnastofnun.is\/ljod.php?ID=4458\">N\u00e6turf\u00f6r<\/a><\/li>\n<li><a href=\"http:\/\/bragi.arnastofnun.is\/ljod.php?ID=4459\">Morgunsonnetta<\/a><\/li>\n<li><a href=\"http:\/\/bragi.arnastofnun.is\/ljod.php?ID=4460\">Haust<\/a><\/li>\n<li><a href=\"http:\/\/bragi.arnastofnun.is\/ljod.php?ID=4461\">Haustsm\u00f6lun<\/a><\/li>\n<li><a href=\"http:\/\/bragi.arnastofnun.is\/ljod.php?ID=4454\">B gangur<\/a><\/li>\n<\/ul>\n<\/li>\n<li><a href=\"http:\/\/bragi.arnastofnun.is\/hofundur.php?ID=17034\">Heine, Heinrich<\/a>: <a href=\"http:\/\/bragi.arnastofnun.is\/ljod.php?ID=4452\">Kentucky Fried Chicken<\/a> (\u00de\u00fd\u00f0andi: <a href=\"http:\/\/bragi.arnastofnun.is\/hofundur.php?ID=16804\">Einar Thoroddsen<\/a>)<\/li>\n<\/ul>\n","protected":false},"excerpt":{"rendered":"<p>S\u00f3narlj\u00f3\u00f0 2006 \u00deorsteinn fr\u00e1 Hamri: R\u00f3\u00f0ur \u00ed \u00e1lagsh\u00e6tti Greinar S\u00f3lveig Ebba \u00d3lafsd\u00f3ttir: R\u00edmur af Sk\u00f3gar-Kristi R\u00f3sa \u00deorsteinsd\u00f3ttir: \u201eS\u00e6l og blessu\u00f0, systir g\u00f3\u00f0\u201c Hj\u00f6rtur Marteinsson: \u201eGullbjartar titra g\u00e1rur bl\u00e1rra unna\u201c \u00de\u00f3r\u00f0ur Helgason: Gellini \u00e1 fer\u00f0 og flugi J\u00f3n Sigur\u00f0sson: Um Kolbein \u00ed Kollafir\u00f0i Einar J\u00f3nsson: \u201e&#8230; en eygir hvergi fjalli\u00f0 sj\u00e1lft\u201c \u00d6rn \u00d3lafsson: G\u00f6mul pr\u00f3salj\u00f3\u00f0 og &hellip; <a href=\"https:\/\/bodn.is\/?page_id=110\" class=\"more-link\">Continue reading<span class=\"screen-reader-text\"> &#8220;S\u00f3n 4&#8221;<\/span><\/a><\/p>\n","protected":false},"author":1,"featured_media":0,"parent":0,"menu_order":0,"comment_status":"closed","ping_status":"closed","template":"","meta":[],"_links":{"self":[{"href":"https:\/\/bodn.is\/index.php?rest_route=\/wp\/v2\/pages\/110"}],"collection":[{"href":"https:\/\/bodn.is\/index.php?rest_route=\/wp\/v2\/pages"}],"about":[{"href":"https:\/\/bodn.is\/index.php?rest_route=\/wp\/v2\/types\/page"}],"author":[{"embeddable":true,"href":"https:\/\/bodn.is\/index.php?rest_route=\/wp\/v2\/users\/1"}],"replies":[{"embeddable":true,"href":"https:\/\/bodn.is\/index.php?rest_route=%2Fwp%2Fv2%2Fcomments&post=110"}],"version-history":[{"count":1,"href":"https:\/\/bodn.is\/index.php?rest_route=\/wp\/v2\/pages\/110\/revisions"}],"predecessor-version":[{"id":111,"href":"https:\/\/bodn.is\/index.php?rest_route=\/wp\/v2\/pages\/110\/revisions\/111"}],"wp:attachment":[{"href":"https:\/\/bodn.is\/index.php?rest_route=%2Fwp%2Fv2%2Fmedia&parent=110"}],"curies":[{"name":"wp","href":"https:\/\/api.w.org\/{rel}","templated":true}]}}