{"id":130,"date":"2019-05-04T17:52:42","date_gmt":"2019-05-04T17:52:42","guid":{"rendered":"http:\/\/bodn.is\/?page_id=130"},"modified":"2019-05-04T17:52:42","modified_gmt":"2019-05-04T17:52:42","slug":"son-8","status":"publish","type":"page","link":"https:\/\/bodn.is\/?page_id=130","title":{"rendered":"S\u00f3n 8"},"content":{"rendered":"<div><b>S\u00f3narlj\u00f3\u00f0 2010<img loading=\"lazy\" class=\"size-medium wp-image-90 alignright\" src=\"https:\/\/bodn.is\/wp-content\/uploads\/2019\/05\/son2010_forsida-204x300.jpg\" alt=\"\" width=\"204\" height=\"300\" srcset=\"https:\/\/bodn.is\/wp-content\/uploads\/2019\/05\/son2010_forsida-204x300.jpg 204w, https:\/\/bodn.is\/wp-content\/uploads\/2019\/05\/son2010_forsida.jpg 561w\" sizes=\"(max-width: 204px) 85vw, 204px\" \/><\/b><\/p>\n<ul class=\"son\">\n<li><a href=\"http:\/\/bragi.arnastofnun.is\/hofundur.php?ID=17352\">Ingibj\u00f6rg Haraldsd\u00f3ttir<\/a>: <a href=\"http:\/\/bragi.arnastofnun.is\/ljod.php?ID=3895\">Okt\u00f3ber 2010<\/a><\/li>\n<\/ul>\n<p><b>Greinar<\/b><\/p>\n<ul class=\"son\">\n<li>\u00deorgeir Sigur\u00f0sson: \u00der\u00f3un dr\u00f3ttkv\u00e6\u00f0a og v\u00edsuor\u00f0hlutar a\u00f0 h\u00e6tti Hans Kuhn<\/li>\n<li>Heimir P\u00e1lsson: Fyrstu leirsk\u00e1ldin<\/li>\n<li>Haukur \u00deorgeirsson: Hl\u00ed\u00f0arenda-Edda<\/li>\n<li>\u00dalfar Bragason: Mirsa-vitran; R\u00edmur kve\u00f0nar af H\u00f3lmfr\u00ed\u00f0i Indri\u00f0ad\u00f3ttur \u00e1 Hafral\u00e6k<\/li>\n<li><a href=\"http:\/\/bragi.arnastofnun.is\/hofundur.php?ID=17349\">\u00de\u00f3r\u00f0ur Helgason<\/a>: Thekla leggur land undir f\u00f3t<\/li>\n<li>J\u00f3n B. Gu\u00f0laugsson og Kristj\u00e1n Eir\u00edksson: \u201eSmi\u00f0ur b\u00e6\u00f0i \u00e1 or\u00f0 og verk\u201c<\/li>\n<li>Gunnar Skarph\u00e9\u00f0insson: Um lj\u00f3\u00f0i\u00f0 \u201eEloi lamma sabakhtani!\u201c eftir Stef\u00e1n G.<\/li>\n<li>Kristj\u00e1n \u00c1rnason: Um formgildi og t\u00e1kngildi \u00edslenskra lj\u00f3\u00f0stafa<\/li>\n<li>Benedikt Hjartarson: Af \u00fer\u00e1l\u00e1tum dau\u00f0a og upprisum fram\u00farstefnunnar<\/li>\n<\/ul>\n<p><b>H\u00f6fundar lj\u00f3\u00f0a<\/b><\/p>\n<ul class=\"son\">\n<li><a href=\"http:\/\/bragi.arnastofnun.is\/hofundur.php?ID=17648\">Ingunn Sn\u00e6dal<\/a>:\n<ul class=\"son2\">\n<li><a href=\"http:\/\/bragi.arnastofnun.is\/ljod.php?ID=4360\">\u00cd fjallakofa<\/a><\/li>\n<li><a href=\"http:\/\/bragi.arnastofnun.is\/ljod.php?ID=4361\">Horft<\/a><\/li>\n<li><a href=\"http:\/\/bragi.arnastofnun.is\/ljod.php?ID=4362\">Ve\u00f0urhorfur n\u00e6sta s\u00f3larhring<\/a><\/li>\n<li><a href=\"http:\/\/bragi.arnastofnun.is\/ljod.php?ID=4363\">Mynd \u00fe\u00edn \u00e1 F\u00e9sb\u00f3k<\/a><\/li>\n<li><a href=\"http:\/\/bragi.arnastofnun.is\/ljod.php?ID=4364\">Veturinn<\/a><\/li>\n<\/ul>\n<\/li>\n<li><a href=\"http:\/\/bragi.arnastofnun.is\/hofundur.php?ID=17649\">Ey\u00fe\u00f3r \u00c1rnason<\/a>:\n<ul class=\"son2\">\n<li><a href=\"http:\/\/bragi.arnastofnun.is\/ljod.php?ID=4365\">Unuh\u00fas<\/a><\/li>\n<li><a href=\"http:\/\/bragi.arnastofnun.is\/ljod.php?ID=4366\">Lopasokkar<\/a><\/li>\n<li><a href=\"http:\/\/bragi.arnastofnun.is\/ljod.php?ID=4367\">21. j\u00fan\u00ed 2000 og alltaf<\/a><\/li>\n<li><a href=\"http:\/\/bragi.arnastofnun.is\/ljod.php?ID=4368\">\u00cd geisladrifinu<\/a><\/li>\n<\/ul>\n<\/li>\n<li><a href=\"http:\/\/bragi.arnastofnun.is\/hofundur.php?ID=17650\">Konstantinos P. Kavafis<\/a>:\n<ul class=\"son2\">\n<li><a href=\"http:\/\/bragi.arnastofnun.is\/ljod.php?ID=4369\">Myris \u2013 Alexandr\u00edu 340 e. Kr.<\/a> (\u00de\u00fd\u00f0andi: <a href=\"http:\/\/bragi.arnastofnun.is\/hofundur.php?ID=17651\">Atli Har\u00f0arson<\/a>)<\/li>\n<li><a href=\"http:\/\/bragi.arnastofnun.is\/ljod.php?ID=4370\">Einn af gu\u00f0um \u00feeirra<\/a> (\u00de\u00fd\u00f0andi: <a href=\"http:\/\/bragi.arnastofnun.is\/hofundur.php?ID=17651\">Atli Har\u00f0arson<\/a>)<\/li>\n<\/ul>\n<\/li>\n<li><a href=\"http:\/\/bragi.arnastofnun.is\/hofundur.php?ID=17653\">H\u00f3lmfr\u00ed\u00f0ur Indri\u00f0ad\u00f3ttir<\/a>:\n<ul class=\"son2\">\n<li><a href=\"http:\/\/bragi.arnastofnun.is\/ljod.php?ID=4379\">R\u00edmur af Mirsa-vitran, 1. r\u00edma<\/a><\/li>\n<li><a href=\"http:\/\/bragi.arnastofnun.is\/ljod.php?ID=4380\">R\u00edmur af Mirsa-vitran, 2. r\u00edma<\/a><\/li>\n<li><a href=\"http:\/\/bragi.arnastofnun.is\/ljod.php?ID=4381\">R\u00edmur af Mirsa-vitran, 3. r\u00edma<\/a><\/li>\n<\/ul>\n<\/li>\n<li><a href=\"http:\/\/bragi.arnastofnun.is\/hofundur.php?ID=17652\">Stef\u00e1n Sn\u00e6varr<\/a>:\n<ul class=\"son2\">\n<li><a href=\"http:\/\/bragi.arnastofnun.is\/ljod.php?ID=4371\">Fa\u00f0ir kistulag\u00f0ur<\/a><\/li>\n<li><a href=\"http:\/\/bragi.arnastofnun.is\/ljod.php?ID=4372\">Fimmd\u00e6gra<\/a><\/li>\n<li><a href=\"http:\/\/bragi.arnastofnun.is\/ljod.php?ID=4373\">\u00d3\u00f0insdagur<\/a><\/li>\n<li><a href=\"http:\/\/bragi.arnastofnun.is\/ljod.php?ID=4374\">Dr\u00e1ttarkl\u00e1r<\/a><\/li>\n<li><a href=\"http:\/\/bragi.arnastofnun.is\/ljod.php?ID=4375\">Kv\u00f6ldar \u00e1 Berg\u00fe\u00f3rshvoli<\/a><\/li>\n<li><a href=\"http:\/\/bragi.arnastofnun.is\/ljod.php?ID=4376\">Augun<\/a><\/li>\n<li><a href=\"http:\/\/bragi.arnastofnun.is\/ljod.php?ID=4377\">Fingraf\u00f6r<\/a><\/li>\n<\/ul>\n<\/li>\n<li><a href=\"http:\/\/bragi.arnastofnun.is\/hofundur.php?ID=4604\">Stephan G. Stephansson<\/a>: <a href=\"http:\/\/bragi.arnastofnun.is\/ljod.php?ID=4378\">\u201eEloi lamma sabakhthani!\u201c;<\/a><\/li>\n<li><a href=\"http:\/\/bragi.arnastofnun.is\/hofundur.php?ID=17654\">Bjarni Gunnarsson<\/a>:\n<ul class=\"son2\">\n<li><a href=\"http:\/\/bragi.arnastofnun.is\/ljod.php?ID=4382\">T\u00edmam\u00f3t<\/a><\/li>\n<li><a href=\"http:\/\/bragi.arnastofnun.is\/ljod.php?ID=4383\">Stundir<\/a><\/li>\n<li><a href=\"http:\/\/bragi.arnastofnun.is\/ljod.php?ID=4384\">Hausti\u00f0 2008<\/a><\/li>\n<li><a href=\"http:\/\/bragi.arnastofnun.is\/ljod.php?ID=4385\">\u00cd Kringlunni<\/a><\/li>\n<li><a href=\"http:\/\/bragi.arnastofnun.is\/ljod.php?ID=4386\">Baksund<\/a><\/li>\n<li><a href=\"http:\/\/bragi.arnastofnun.is\/ljod.php?ID=4387\">Gallagripir<\/a><\/li>\n<li><a href=\"http:\/\/bragi.arnastofnun.is\/ljod.php?ID=4388\">Ekki<\/a><\/li>\n<li><a href=\"http:\/\/bragi.arnastofnun.is\/ljod.php?ID=4389\">S\u00e1 gamli<\/a><\/li>\n<li><a href=\"http:\/\/bragi.arnastofnun.is\/ljod.php?ID=4390\">L\u00e6kning<\/a><\/li>\n<\/ul>\n<\/li>\n<li><a href=\"http:\/\/bragi.arnastofnun.is\/hofundur.php?ID=17655\">Iskra Peneva<\/a>:\n<ul class=\"son2\">\n<li><a href=\"http:\/\/bragi.arnastofnun.is\/ljod.php?ID=4391\">Andr\u00famslofti\u00f0 \u00ed helv\u00edti \u2013 vegirnir a\u00f0 handan<\/a> (\u00de\u00fd\u00f0andi: <a href=\"http:\/\/bragi.arnastofnun.is\/hofundur.php?ID=17634\">Kristian Guttesen<\/a>)<\/li>\n<li><a href=\"http:\/\/bragi.arnastofnun.is\/ljod.php?ID=4392\">Kona dau\u00f0ans<\/a> (\u00de\u00fd\u00f0andi: <a href=\"http:\/\/bragi.arnastofnun.is\/hofundur.php?ID=17634\">Kristian Guttesen<\/a>)<\/li>\n<\/ul>\n<\/li>\n<\/ul>\n<\/div>\n","protected":false},"excerpt":{"rendered":"<p>S\u00f3narlj\u00f3\u00f0 2010 Ingibj\u00f6rg Haraldsd\u00f3ttir: Okt\u00f3ber 2010 Greinar \u00deorgeir Sigur\u00f0sson: \u00der\u00f3un dr\u00f3ttkv\u00e6\u00f0a og v\u00edsuor\u00f0hlutar a\u00f0 h\u00e6tti Hans Kuhn Heimir P\u00e1lsson: Fyrstu leirsk\u00e1ldin Haukur \u00deorgeirsson: Hl\u00ed\u00f0arenda-Edda \u00dalfar Bragason: Mirsa-vitran; R\u00edmur kve\u00f0nar af H\u00f3lmfr\u00ed\u00f0i Indri\u00f0ad\u00f3ttur \u00e1 Hafral\u00e6k \u00de\u00f3r\u00f0ur Helgason: Thekla leggur land undir f\u00f3t J\u00f3n B. Gu\u00f0laugsson og Kristj\u00e1n Eir\u00edksson: \u201eSmi\u00f0ur b\u00e6\u00f0i \u00e1 or\u00f0 og verk\u201c Gunnar Skarph\u00e9\u00f0insson: &hellip; <a href=\"https:\/\/bodn.is\/?page_id=130\" class=\"more-link\">Continue reading<span class=\"screen-reader-text\"> &#8220;S\u00f3n 8&#8221;<\/span><\/a><\/p>\n","protected":false},"author":1,"featured_media":0,"parent":0,"menu_order":0,"comment_status":"closed","ping_status":"closed","template":"","meta":[],"_links":{"self":[{"href":"https:\/\/bodn.is\/index.php?rest_route=\/wp\/v2\/pages\/130"}],"collection":[{"href":"https:\/\/bodn.is\/index.php?rest_route=\/wp\/v2\/pages"}],"about":[{"href":"https:\/\/bodn.is\/index.php?rest_route=\/wp\/v2\/types\/page"}],"author":[{"embeddable":true,"href":"https:\/\/bodn.is\/index.php?rest_route=\/wp\/v2\/users\/1"}],"replies":[{"embeddable":true,"href":"https:\/\/bodn.is\/index.php?rest_route=%2Fwp%2Fv2%2Fcomments&post=130"}],"version-history":[{"count":1,"href":"https:\/\/bodn.is\/index.php?rest_route=\/wp\/v2\/pages\/130\/revisions"}],"predecessor-version":[{"id":131,"href":"https:\/\/bodn.is\/index.php?rest_route=\/wp\/v2\/pages\/130\/revisions\/131"}],"wp:attachment":[{"href":"https:\/\/bodn.is\/index.php?rest_route=%2Fwp%2Fv2%2Fmedia&parent=130"}],"curies":[{"name":"wp","href":"https:\/\/api.w.org\/{rel}","templated":true}]}}