{"id":136,"date":"2019-05-04T17:55:36","date_gmt":"2019-05-04T17:55:36","guid":{"rendered":"http:\/\/bodn.is\/?page_id=136"},"modified":"2019-05-04T17:55:36","modified_gmt":"2019-05-04T17:55:36","slug":"son-10","status":"publish","type":"page","link":"https:\/\/bodn.is\/?page_id=136","title":{"rendered":"S\u00f3n 10"},"content":{"rendered":"<div><b>S\u00f3narlj\u00f3\u00f0 2012<img loading=\"lazy\" class=\"size-medium wp-image-76 alignright\" src=\"https:\/\/bodn.is\/wp-content\/uploads\/2019\/05\/son2012_forsida-204x300.jpg\" alt=\"\" width=\"204\" height=\"300\" srcset=\"https:\/\/bodn.is\/wp-content\/uploads\/2019\/05\/son2012_forsida-204x300.jpg 204w, https:\/\/bodn.is\/wp-content\/uploads\/2019\/05\/son2012_forsida.jpg 561w\" sizes=\"(max-width: 204px) 85vw, 204px\" \/><\/b><\/p>\n<ul class=\"son\">\n<li><a href=\"http:\/\/bragi.arnastofnun.is\/hofundur.php?ID=17349\">\u00de\u00f3r\u00f0ur Helgason<\/a>: <a href=\"http:\/\/bragi.arnastofnun.is\/ljod.php?ID=3891\">Sonnetta um elskendur<\/a><\/li>\n<\/ul>\n<p><b>Greinar<\/b><\/p>\n<ul class=\"son\">\n<li>Gunnar Skarph\u00e9\u00f0insson: \u201eYggjar bj\u00f3r hver eiga myni, \u00f3s\u00fdnt \u00feykir l\u00fd\u00f0a kyni\u201c<\/li>\n<li>Katelin Parsons: Gagn, g\u00e6\u00f0i og g\u00f6mul v\u00edsa um Gr\u00edmsey<\/li>\n<li>Bjarki Karlsson: Stu\u00f0lasetning \u00ed fimm bragli\u00f0a v\u00edsuor\u00f0um<\/li>\n<li>Heimir P\u00e1lsson: Gr\u00e1tittlingurinn eina fer\u00f0ina enn<\/li>\n<li>Kristj\u00e1n J\u00f3hann J\u00f3nsson: \u201e\u00d3\u00f0arfleyi fram er hrundi\u00f0\u201c<\/li>\n<li><a href=\"http:\/\/bragi.arnastofnun.is\/hofundur.php?ID=17349\">\u00de\u00f3r\u00f0ur Helgason<\/a>: Barnafossar<\/li>\n<li>Ragnhei\u00f0ur \u00d3lafsd\u00f3ttir: \u00cdslensk r\u00edmnahef\u00f0<\/li>\n<li><a href=\"http:\/\/bragi.arnastofnun.is\/hofundur.php?ID=17349\">\u00de\u00f3r\u00f0ur Helgason<\/a>: F\u00e1ein or\u00f0 um ofstu\u00f0lun og aukalj\u00f3\u00f0stafi<\/li>\n<\/ul>\n<p><b>H\u00f6fundar lj\u00f3\u00f0a<\/b><\/p>\n<ul class=\"son\">\n<li><a href=\"http:\/\/bragi.arnastofnun.is\/hofundur.php?ID=17635\">P\u00e4r Lagerkvist<\/a>:\n<ul class=\"son2\">\n<li><a href=\"http:\/\/bragi.arnastofnun.is\/ljod.php?ID=4321\">Horft er \u00e1 st\u00f6rnu sem sk\u00edn gegnum laufkr\u00f3nu tr\u00e9s<\/a> (\u00de\u00fd\u00f0andi: <a href=\"http:\/\/bragi.arnastofnun.is\/hofundur.php?ID=17636\">Tryggvi \u00deorsteinsson<\/a>)<\/li>\n<li><a href=\"http:\/\/bragi.arnastofnun.is\/ljod.php?ID=4322\">B\u00e1tur l\u00edfsins<\/a> (\u00de\u00fd\u00f0andi: <a href=\"http:\/\/bragi.arnastofnun.is\/hofundur.php?ID=17636\">Tryggvi \u00deorsteinsson<\/a>)<\/li>\n<\/ul>\n<\/li>\n<li><a href=\"http:\/\/bragi.arnastofnun.is\/hofundur.php?ID=17576\">Ragnar B\u00f6\u00f0varsson<\/a>:\n<ul class=\"son2\">\n<li><a href=\"http:\/\/bragi.arnastofnun.is\/ljod.php?ID=4323\">Hringfl\u00e9tta<\/a><\/li>\n<li><a href=\"http:\/\/bragi.arnastofnun.is\/ljod.php?ID=4326\">Samhlj\u00f3\u00f0av\u00edsur<\/a><\/li>\n<\/ul>\n<\/li>\n<li><a href=\"http:\/\/bragi.arnastofnun.is\/hofundur.php?ID=17637\">Valger\u00f0ur Kr. Brynj\u00f3lfsd\u00f3ttir<\/a>:\n<ul class=\"son2\">\n<li><a href=\"http:\/\/bragi.arnastofnun.is\/ljod.php?ID=4327\">H\u00e9r og \u00fear<\/a><\/li>\n<li><a href=\"http:\/\/bragi.arnastofnun.is\/ljod.php?ID=4328\">Vi\u00f0 gamla klofa<\/a><\/li>\n<li><a href=\"http:\/\/bragi.arnastofnun.is\/ljod.php?ID=4329\">Vorkv\u00f6ld sem var<\/a><\/li>\n<li><a href=\"http:\/\/bragi.arnastofnun.is\/ljod.php?ID=4330\">A\u00f0dragandi<\/a><\/li>\n<li><a href=\"http:\/\/bragi.arnastofnun.is\/ljod.php?ID=4331\">Vetur I<\/a><\/li>\n<li><a href=\"http:\/\/bragi.arnastofnun.is\/ljod.php?ID=4340\">Vetur II<\/a><\/li>\n<li><a href=\"http:\/\/bragi.arnastofnun.is\/ljod.php?ID=4341\">Par\u00eds 2012<\/a><\/li>\n<\/ul>\n<\/li>\n<li><a href=\"http:\/\/bragi.arnastofnun.is\/hofundur.php?ID=17638\">Einar J\u00f3nsson \u00far Sk\u00f3gum<\/a>: <a href=\"http:\/\/bragi.arnastofnun.is\/ljod.php?ID=4332\">Laufatungur<\/a><\/li>\n<li><a href=\"http:\/\/bragi.arnastofnun.is\/hofundur.php?ID=17354\">Vilborg Dagbjartsd\u00f3ttir<\/a>:\n<ul class=\"son2\">\n<li><a href=\"http:\/\/bragi.arnastofnun.is\/ljod.php?ID=4336\">Leyndarm\u00e1l<\/a><\/li>\n<li><a href=\"http:\/\/bragi.arnastofnun.is\/ljod.php?ID=4337\">Ellikerling<\/a><\/li>\n<\/ul>\n<\/li>\n<li><a href=\"http:\/\/bragi.arnastofnun.is\/hofundur.php?ID=17639\">\u00d3skar \u00c1rni \u00d3skarsson<\/a>: <a href=\"http:\/\/bragi.arnastofnun.is\/ljod.php?ID=4338\">\u00derett\u00e1ndaskothr\u00ed\u00f0<\/a><\/li>\n<li><a href=\"http:\/\/bragi.arnastofnun.is\/hofundur.php?ID=17640\">Bertold Brecht<\/a>: <a href=\"http:\/\/bragi.arnastofnun.is\/ljod.php?ID=4339\">Elskendurnir<\/a> (\u00de\u00fd\u00f0andi: <a href=\"http:\/\/bragi.arnastofnun.is\/hofundur.php?ID=17329\">Kristj\u00e1n \u00c1rnason<\/a>)<\/li>\n<\/ul>\n<\/div>\n","protected":false},"excerpt":{"rendered":"<p>S\u00f3narlj\u00f3\u00f0 2012 \u00de\u00f3r\u00f0ur Helgason: Sonnetta um elskendur Greinar Gunnar Skarph\u00e9\u00f0insson: \u201eYggjar bj\u00f3r hver eiga myni, \u00f3s\u00fdnt \u00feykir l\u00fd\u00f0a kyni\u201c Katelin Parsons: Gagn, g\u00e6\u00f0i og g\u00f6mul v\u00edsa um Gr\u00edmsey Bjarki Karlsson: Stu\u00f0lasetning \u00ed fimm bragli\u00f0a v\u00edsuor\u00f0um Heimir P\u00e1lsson: Gr\u00e1tittlingurinn eina fer\u00f0ina enn Kristj\u00e1n J\u00f3hann J\u00f3nsson: \u201e\u00d3\u00f0arfleyi fram er hrundi\u00f0\u201c \u00de\u00f3r\u00f0ur Helgason: Barnafossar Ragnhei\u00f0ur \u00d3lafsd\u00f3ttir: \u00cdslensk r\u00edmnahef\u00f0 &hellip; <a href=\"https:\/\/bodn.is\/?page_id=136\" class=\"more-link\">Continue reading<span class=\"screen-reader-text\"> &#8220;S\u00f3n 10&#8221;<\/span><\/a><\/p>\n","protected":false},"author":1,"featured_media":0,"parent":0,"menu_order":0,"comment_status":"closed","ping_status":"closed","template":"","meta":[],"_links":{"self":[{"href":"https:\/\/bodn.is\/index.php?rest_route=\/wp\/v2\/pages\/136"}],"collection":[{"href":"https:\/\/bodn.is\/index.php?rest_route=\/wp\/v2\/pages"}],"about":[{"href":"https:\/\/bodn.is\/index.php?rest_route=\/wp\/v2\/types\/page"}],"author":[{"embeddable":true,"href":"https:\/\/bodn.is\/index.php?rest_route=\/wp\/v2\/users\/1"}],"replies":[{"embeddable":true,"href":"https:\/\/bodn.is\/index.php?rest_route=%2Fwp%2Fv2%2Fcomments&post=136"}],"version-history":[{"count":1,"href":"https:\/\/bodn.is\/index.php?rest_route=\/wp\/v2\/pages\/136\/revisions"}],"predecessor-version":[{"id":137,"href":"https:\/\/bodn.is\/index.php?rest_route=\/wp\/v2\/pages\/136\/revisions\/137"}],"wp:attachment":[{"href":"https:\/\/bodn.is\/index.php?rest_route=%2Fwp%2Fv2%2Fmedia&parent=136"}],"curies":[{"name":"wp","href":"https:\/\/api.w.org\/{rel}","templated":true}]}}