{"id":139,"date":"2019-05-04T17:56:46","date_gmt":"2019-05-04T17:56:46","guid":{"rendered":"http:\/\/bodn.is\/?page_id=139"},"modified":"2019-05-04T17:56:46","modified_gmt":"2019-05-04T17:56:46","slug":"son-11","status":"publish","type":"page","link":"https:\/\/bodn.is\/?page_id=139","title":{"rendered":"S\u00f3n 11"},"content":{"rendered":"<p><b>S\u00f3narlj\u00f3\u00f0 2013<img loading=\"lazy\" class=\"size-medium wp-image-77 alignright\" src=\"https:\/\/bodn.is\/wp-content\/uploads\/2019\/05\/son2013_forsida-204x300.jpg\" alt=\"\" width=\"204\" height=\"300\" srcset=\"https:\/\/bodn.is\/wp-content\/uploads\/2019\/05\/son2013_forsida-204x300.jpg 204w, https:\/\/bodn.is\/wp-content\/uploads\/2019\/05\/son2013_forsida.jpg 561w\" sizes=\"(max-width: 204px) 85vw, 204px\" \/><\/b><\/p>\n<ul class=\"son\">\n<li><a href=\"http:\/\/bragi.arnastofnun.is\/hofundur.php?ID=16667\">Ger\u00f0ur Kristn\u00fd<\/a>: <a href=\"http:\/\/bragi.arnastofnun.is\/ljod.php?ID=3889\">Sigur<\/a><\/li>\n<\/ul>\n<p><b>Ritr\u00fdndar greinar<\/b><\/p>\n<ul class=\"son\">\n<li>\u00deorgeir Sigur\u00f0sson: Arinbjarnarkvi\u00f0a \u2013 var\u00f0veisla<\/li>\n<li>Helgi Sk\u00fali Kjartansson: Son gu\u00f0s einn eingetinn<\/li>\n<li><a href=\"http:\/\/bragi.arnastofnun.is\/hofundur.php?ID=17349\">\u00de\u00f3r\u00f0ur Helgason<\/a>: N\u00fdr h\u00e1ttur ver\u00f0ur til<\/li>\n<li>Sveinn Yngvi Egilsson: Land, \u00fej\u00f3\u00f0 og tunga<\/li>\n<li>Gu\u00f0mundur S\u00e6mundsson og Sigur\u00f0ur Konr\u00e1\u00f0sson: \u201eEins og feiminn sk\u00f3lastr\u00e1kur \u00ed fj\u00f3r\u00f0a leikhluta\u201c<\/li>\n<\/ul>\n<p><b>Umr\u00e6\u00f0ugreinar<\/b><\/p>\n<ul class=\"son\">\n<li>\u00de\u00f3rgunnur Sn\u00e6dal: \u00dar v\u00edsnas\u00f6fnum R\u00f3sbergs G. Sn\u00e6dals<\/li>\n<li>Atli Har\u00f0arson: Um r\u00edmnakve\u00f0skap Kr\u00edtverja<\/li>\n<\/ul>\n<p><b>Ritfregnir og ritstj\u00f3rnarefni<\/b><\/p>\n<ul class=\"son\">\n<li>Ritfregnir<\/li>\n<li>Fr\u00e1 ritstj\u00f3rn og \u00fatgefanda<\/li>\n<\/ul>\n<p><b>H\u00f6fundar lj\u00f3\u00f0a<\/b><\/p>\n<ul class=\"son\">\n<li><a href=\"http:\/\/bragi.arnastofnun.is\/hofundur.php?ID=16120\">Sigr\u00fan Haraldsd\u00f3ttir<\/a>: <a href=\"http:\/\/bragi.arnastofnun.is\/ljod.php?ID=3939\">H\u00fasi\u00f0<\/a><\/li>\n<li><a href=\"http:\/\/bragi.arnastofnun.is\/hofundur.php?ID=17373\">K\u00e1ri P\u00e1ll \u00d3skarsson<\/a>: <a href=\"http:\/\/bragi.arnastofnun.is\/ljod.php?ID=3941\">Grunnur<\/a><\/li>\n<li><a href=\"http:\/\/bragi.arnastofnun.is\/hofundur.php?ID=17374\">Bjarni Bernhar\u00f0ur<\/a>: <a href=\"http:\/\/bragi.arnastofnun.is\/ljod.php?ID=3942\">Sk\u00e1kbor\u00f0 l\u00edfsins<\/a><\/li>\n<li><a href=\"http:\/\/bragi.arnastofnun.is\/hofundur.php?ID=17375\">Bjarni Stef\u00e1n Konr\u00e1\u00f0sson<\/a>: <a href=\"http:\/\/bragi.arnastofnun.is\/ljod.php?ID=3943\">Or\u00f0 ver\u00f0a lj\u00f3\u00f0<\/a><\/li>\n<li><a href=\"http:\/\/bragi.arnastofnun.is\/hofundur.php?ID=17633\">Sigmundur Benediktsson<\/a>: <a href=\"http:\/\/bragi.arnastofnun.is\/ljod.php?ID=4317\">Hj\u00e1 \u00f6ldru\u00f0um<\/a><\/li>\n<li><a href=\"http:\/\/bragi.arnastofnun.is\/hofundur.php?ID=17634\">Kristian Guttesen<\/a>:\n<ul class=\"son2\">\n<li><a href=\"http:\/\/bragi.arnastofnun.is\/ljod.php?ID=4318\">R\u00f6kkurd\u00eds<\/a><\/li>\n<li><a href=\"http:\/\/bragi.arnastofnun.is\/ljod.php?ID=4409\">Draumur<\/a><\/li>\n<li><a href=\"http:\/\/bragi.arnastofnun.is\/ljod.php?ID=4410\">Tunglsp\u00e1 I<\/a><\/li>\n<li><a href=\"http:\/\/bragi.arnastofnun.is\/ljod.php?ID=4411\">Kona<\/a><\/li>\n<\/ul>\n<\/li>\n<li><a href=\"http:\/\/bragi.arnastofnun.is\/hofundur.php?ID=16120\">Sigr\u00fan Haraldsd\u00f3ttir<\/a>:\n<ul class=\"son2\">\n<li><a href=\"http:\/\/bragi.arnastofnun.is\/ljod.php?ID=3939\">H\u00fasi\u00f0<\/a><\/li>\n<li><a href=\"http:\/\/bragi.arnastofnun.is\/ljod.php?ID=4319\">Andartak<\/a><\/li>\n<li><a href=\"http:\/\/bragi.arnastofnun.is\/ljod.php?ID=4320\">S\u00f3lhv\u00f6rf<\/a><\/li>\n<\/ul>\n<\/li>\n<\/ul>\n","protected":false},"excerpt":{"rendered":"<p>S\u00f3narlj\u00f3\u00f0 2013 Ger\u00f0ur Kristn\u00fd: Sigur Ritr\u00fdndar greinar \u00deorgeir Sigur\u00f0sson: Arinbjarnarkvi\u00f0a \u2013 var\u00f0veisla Helgi Sk\u00fali Kjartansson: Son gu\u00f0s einn eingetinn \u00de\u00f3r\u00f0ur Helgason: N\u00fdr h\u00e1ttur ver\u00f0ur til Sveinn Yngvi Egilsson: Land, \u00fej\u00f3\u00f0 og tunga Gu\u00f0mundur S\u00e6mundsson og Sigur\u00f0ur Konr\u00e1\u00f0sson: \u201eEins og feiminn sk\u00f3lastr\u00e1kur \u00ed fj\u00f3r\u00f0a leikhluta\u201c Umr\u00e6\u00f0ugreinar \u00de\u00f3rgunnur Sn\u00e6dal: \u00dar v\u00edsnas\u00f6fnum R\u00f3sbergs G. Sn\u00e6dals Atli Har\u00f0arson: Um &hellip; <a href=\"https:\/\/bodn.is\/?page_id=139\" class=\"more-link\">Continue reading<span class=\"screen-reader-text\"> &#8220;S\u00f3n 11&#8221;<\/span><\/a><\/p>\n","protected":false},"author":1,"featured_media":0,"parent":0,"menu_order":0,"comment_status":"closed","ping_status":"closed","template":"","meta":[],"_links":{"self":[{"href":"https:\/\/bodn.is\/index.php?rest_route=\/wp\/v2\/pages\/139"}],"collection":[{"href":"https:\/\/bodn.is\/index.php?rest_route=\/wp\/v2\/pages"}],"about":[{"href":"https:\/\/bodn.is\/index.php?rest_route=\/wp\/v2\/types\/page"}],"author":[{"embeddable":true,"href":"https:\/\/bodn.is\/index.php?rest_route=\/wp\/v2\/users\/1"}],"replies":[{"embeddable":true,"href":"https:\/\/bodn.is\/index.php?rest_route=%2Fwp%2Fv2%2Fcomments&post=139"}],"version-history":[{"count":1,"href":"https:\/\/bodn.is\/index.php?rest_route=\/wp\/v2\/pages\/139\/revisions"}],"predecessor-version":[{"id":140,"href":"https:\/\/bodn.is\/index.php?rest_route=\/wp\/v2\/pages\/139\/revisions\/140"}],"wp:attachment":[{"href":"https:\/\/bodn.is\/index.php?rest_route=%2Fwp%2Fv2%2Fmedia&parent=139"}],"curies":[{"name":"wp","href":"https:\/\/api.w.org\/{rel}","templated":true}]}}