{"id":154,"date":"2019-05-05T16:41:24","date_gmt":"2019-05-05T16:41:24","guid":{"rendered":"http:\/\/bodn.is\/?page_id=154"},"modified":"2019-05-05T16:41:24","modified_gmt":"2019-05-05T16:41:24","slug":"son-13","status":"publish","type":"page","link":"https:\/\/bodn.is\/?page_id=154","title":{"rendered":"S\u00f3n 13"},"content":{"rendered":"<p><b>S\u00f3narlj\u00f3\u00f0 2015<img loading=\"lazy\" class=\"size-medium wp-image-79 alignright\" src=\"https:\/\/bodn.is\/wp-content\/uploads\/2019\/05\/son2015_forsida-204x300.jpg\" alt=\"\" width=\"204\" height=\"300\" srcset=\"https:\/\/bodn.is\/wp-content\/uploads\/2019\/05\/son2015_forsida-204x300.jpg 204w, https:\/\/bodn.is\/wp-content\/uploads\/2019\/05\/son2015_forsida.jpg 561w\" sizes=\"(max-width: 204px) 85vw, 204px\" \/><\/b><\/p>\n<ul class=\"son\">\n<li><a href=\"http:\/\/bragi.arnastofnun.is\/hofundur.php?ID=16747\">Ragnar Ingi A\u00f0alsteinsson<\/a>: <a href=\"http:\/\/bragi.arnastofnun.is\/ljod.php?ID=5023\">Aldrei \u00e1 minni l\u00f6ngu \u00e6vi hef \u00e9g s\u00e9\u00f0 svona st\u00f3rt l\u00edk<\/a><\/li>\n<\/ul>\n<p><b>Ritr\u00fdndar greinar<\/b><\/p>\n<ul class=\"son\">\n<li>Arnd\u00eds Hulda Au\u00f0unsd\u00f3ttir og A\u00f0alhei\u00f0ur Gu\u00f0mundsd\u00f3ttir: \u201eBer\u00f0u m\u00e9r ei blanda\u00f0 v\u00edn\u201c<\/li>\n<li><a href=\"http:\/\/bragi.arnastofnun.is\/hofundur.php?ID=17349\">\u00de\u00f3r\u00f0ur Helgason<\/a>: Lj\u00f3\u00f0ahlj\u00f3\u00f0<\/li>\n<li>Haukur \u00deorgeirsson: H\u00e1vam\u00e1l Resens pr\u00f3fessors<\/li>\n<\/ul>\n<p><b>\u00d3\u00f0flugur og umr\u00e6\u00f0ugreinar<\/b><\/p>\n<ul class=\"son\">\n<li><a href=\"http:\/\/bragi.arnastofnun.is\/hofundur.php?ID=17651\">Atli Har\u00f0arson<\/a>: Lj\u00f3\u00f0i\u00f0 Afneitun eftir Giorgos Seferis<\/li>\n<li><a href=\"http:\/\/bragi.arnastofnun.is\/hofundur.php?ID=17349\">\u00de\u00f3r\u00f0ur Helgason<\/a>: \u00deegar r\u00edmi\u00f0 r\u00e6tist ekki<\/li>\n<li>Anna \u00deorbj\u00f6rg Ing\u00f3lfsd\u00f3ttir: Tv\u00e6r sk\u00e1ldkonur<\/li>\n<li>Helgi Sk\u00fali Kjartansson: \u201eKva\u00f0 heldur\u00f0u, ma\u00f0ur!\u201c<\/li>\n<li>Mikael Males: Er \u00d3lafur \u00de\u00f3r\u00f0arson h\u00f6fundur Eglu?<\/li>\n<li>Bjarki Karlsson: Hugb\u00f3t a\u00f0 gu\u00f0i gengnum<\/li>\n<\/ul>\n<p><b>Ritstj\u00f3rnarefni<\/b><\/p>\n<ul class=\"son\">\n<li>\u00d3\u00f0fr\u00e6\u00f0if\u00e9lagi\u00f0 Bo\u00f0n \u2014 ann\u00e1ll \u00e1rsins 2015<\/li>\n<\/ul>\n<p><b>Lj\u00f3\u00f0<\/b><\/p>\n<ul class=\"son\">\n<li><a href=\"http:\/\/bragi.arnastofnun.is\/hofundur.php?ID=17866\">Alda Bj\u00f6rk Valdimarsd\u00f3ttir<\/a>: <a href=\"http:\/\/bragi.arnastofnun.is\/ljod.php?ID=5024\">Sj\u00f3nin lagar sig a\u00f0 myrkrinu<\/a><\/li>\n<li><a href=\"http:\/\/bragi.arnastofnun.is\/hofundur.php?ID=17867\">Robert Lee Frost<\/a>: <a href=\"http:\/\/bragi.arnastofnun.is\/ljod.php?ID=5025\">Borgarl\u00e6kur (A Brook in the City)<\/a> (\u00de\u00fd\u00f0andi: <a href=\"http:\/\/bragi.arnastofnun.is\/hofundur.php?ID=17651\">Atli Har\u00f0arson<\/a>)<\/li>\n<li><a href=\"http:\/\/bragi.arnastofnun.is\/hofundur.php?ID=17637\">Valger\u00f0ur Kr. Brynj\u00f3lfsd\u00f3ttir<\/a>: <a href=\"http:\/\/bragi.arnastofnun.is\/ljod.php?ID=5026\">Vi\u00f0 fri\u00f0landi\u00f0<\/a><\/li>\n<li><a href=\"http:\/\/bragi.arnastofnun.is\/hofundur.php?ID=15811\">Kristj\u00e1n Run\u00f3lfsson<\/a>: <a href=\"http:\/\/bragi.arnastofnun.is\/ljod.php?ID=4636\">Rj\u00fapan<\/a><\/li>\n<li><a href=\"http:\/\/bragi.arnastofnun.is\/hofundur.php?ID=17869\">\u00de\u00f3rd\u00eds G\u00edslad\u00f3ttir<\/a>: <a href=\"http:\/\/bragi.arnastofnun.is\/ljod.php?ID=5031\">L\u00edf<\/a><\/li>\n<li><a href=\"http:\/\/bragi.arnastofnun.is\/hofundur.php?ID=17670\">Halla Oddn\u00fd Magn\u00fasd\u00f3ttir<\/a>: <a href=\"http:\/\/bragi.arnastofnun.is\/ljod.php?ID=5032\">Poppsonnettur<\/a><\/li>\n<li>Bjarki Karlsson: S\u00ed\u00f0asta g\u00e1ta Gestumblinda<\/li>\n<li><a href=\"http:\/\/bragi.arnastofnun.is\/hofundur.php?ID=17680\">K\u00e1ri Tulinius<\/a>: <a href=\"http:\/\/bragi.arnastofnun.is\/ljod.php?ID=5030\">F\u00f3st ra\u00f0u rafk r\u00edum<\/a><\/li>\n<\/ul>\n","protected":false},"excerpt":{"rendered":"<p>S\u00f3narlj\u00f3\u00f0 2015 Ragnar Ingi A\u00f0alsteinsson: Aldrei \u00e1 minni l\u00f6ngu \u00e6vi hef \u00e9g s\u00e9\u00f0 svona st\u00f3rt l\u00edk Ritr\u00fdndar greinar Arnd\u00eds Hulda Au\u00f0unsd\u00f3ttir og A\u00f0alhei\u00f0ur Gu\u00f0mundsd\u00f3ttir: \u201eBer\u00f0u m\u00e9r ei blanda\u00f0 v\u00edn\u201c \u00de\u00f3r\u00f0ur Helgason: Lj\u00f3\u00f0ahlj\u00f3\u00f0 Haukur \u00deorgeirsson: H\u00e1vam\u00e1l Resens pr\u00f3fessors \u00d3\u00f0flugur og umr\u00e6\u00f0ugreinar Atli Har\u00f0arson: Lj\u00f3\u00f0i\u00f0 Afneitun eftir Giorgos Seferis \u00de\u00f3r\u00f0ur Helgason: \u00deegar r\u00edmi\u00f0 r\u00e6tist ekki Anna \u00deorbj\u00f6rg &hellip; <a href=\"https:\/\/bodn.is\/?page_id=154\" class=\"more-link\">Continue reading<span class=\"screen-reader-text\"> &#8220;S\u00f3n 13&#8221;<\/span><\/a><\/p>\n","protected":false},"author":1,"featured_media":0,"parent":0,"menu_order":0,"comment_status":"closed","ping_status":"closed","template":"","meta":[],"_links":{"self":[{"href":"https:\/\/bodn.is\/index.php?rest_route=\/wp\/v2\/pages\/154"}],"collection":[{"href":"https:\/\/bodn.is\/index.php?rest_route=\/wp\/v2\/pages"}],"about":[{"href":"https:\/\/bodn.is\/index.php?rest_route=\/wp\/v2\/types\/page"}],"author":[{"embeddable":true,"href":"https:\/\/bodn.is\/index.php?rest_route=\/wp\/v2\/users\/1"}],"replies":[{"embeddable":true,"href":"https:\/\/bodn.is\/index.php?rest_route=%2Fwp%2Fv2%2Fcomments&post=154"}],"version-history":[{"count":1,"href":"https:\/\/bodn.is\/index.php?rest_route=\/wp\/v2\/pages\/154\/revisions"}],"predecessor-version":[{"id":155,"href":"https:\/\/bodn.is\/index.php?rest_route=\/wp\/v2\/pages\/154\/revisions\/155"}],"wp:attachment":[{"href":"https:\/\/bodn.is\/index.php?rest_route=%2Fwp%2Fv2%2Fmedia&parent=154"}],"curies":[{"name":"wp","href":"https:\/\/api.w.org\/{rel}","templated":true}]}}