{"id":157,"date":"2019-05-05T17:07:16","date_gmt":"2019-05-05T17:07:16","guid":{"rendered":"http:\/\/bodn.is\/?page_id=157"},"modified":"2019-05-05T17:07:16","modified_gmt":"2019-05-05T17:07:16","slug":"son-14","status":"publish","type":"page","link":"https:\/\/bodn.is\/?page_id=157","title":{"rendered":"S\u00f3n 14"},"content":{"rendered":"<p><b>S\u00f3narlj\u00f3\u00f0 2016<img loading=\"lazy\" class=\"size-medium wp-image-80 alignright\" src=\"https:\/\/bodn.is\/wp-content\/uploads\/2019\/05\/son2016_forsida-211x300.jpg\" alt=\"\" width=\"211\" height=\"300\" srcset=\"https:\/\/bodn.is\/wp-content\/uploads\/2019\/05\/son2016_forsida-211x300.jpg 211w, https:\/\/bodn.is\/wp-content\/uploads\/2019\/05\/son2016_forsida.jpg 581w\" sizes=\"(max-width: 211px) 85vw, 211px\" \/><\/b><\/p>\n<ul class=\"son\">\n<li><a href=\"http:\/\/bragi.arnastofnun.is\/hofundur.php?ID=17642\">Sigur\u00f0ur P\u00e1lsson<\/a>: <a href=\"http:\/\/bragi.arnastofnun.is\/ljod.php?ID=5268\">\u00d3munat\u00ed\u00f0<\/a><\/li>\n<\/ul>\n<p><b>Ritr\u00fdndar greinar<\/b><\/p>\n<ul class=\"son\">\n<li>R\u00f3sa \u00deorsteinsd\u00f3ttir: \u201e\u00dea\u00f0 vill heldur djassinn \u2026\u201c \u2013 Um vins\u00e6ldir r\u00edmnakve\u00f0skapar \u00e1 s\u00ed\u00f0ustu \u00f6ld<\/li>\n<li>\u00deorgeir Sigur\u00f0sson: Tv\u00edskelfdur h\u00e1ttur og Rekstefja<br \/>\nHeimir P\u00e1lsson: Tilraun til menningarbyltingar<\/li>\n<li>Sigur\u00f0ur Konr\u00e1\u00f0sson og <a href=\"http:\/\/bragi.arnastofnun.is\/hofundur.php?ID=16747\">Ragnar Ingi A\u00f0alsteinsson<\/a>: Hlutf\u00f6ll hlj\u00f3\u00f0a \u00ed lj\u00f3\u00f0st\u00f6fum<\/li>\n<li>Haukur \u00deorgeirsson: Hn\u00fatasvipa Sievers pr\u00f3fessors \u2013 Um bragfr\u00e6\u00f0i V\u00f6lusp\u00e1r<\/li>\n<\/ul>\n<p><b>\u00d3\u00f0flugur og umr\u00e6\u00f0ugreinar<\/b><\/p>\n<ul class=\"son\">\n<li><a href=\"http:\/\/bragi.arnastofnun.is\/hofundur.php?ID=17651\">Atli Har\u00f0arson<\/a>: \u00de\u00fd\u00f0ing \u00e1 Sk\u00f6puninni (<a href=\"http:\/\/bragi.arnastofnun.is\/ljod.php?ID=5269\">Sk\u00f6punin<\/a>) sem er fyrsti hluti lj\u00f3\u00f0ab\u00f3karinnar <i>Ver\u00f0ugt er \u00fea\u00f0<\/i>, eftir <a href=\"http:\/\/bragi.arnastofnun.is\/hofundur.php?ID=18228\">O\u00f0\u00fdsseas El\u00fdtis<\/a><br \/>\nHelgi Sk\u00fali Kjartansson: S\u00f6ngl\u00f6g og bragli\u00f0ir<\/li>\n<li>\u00de\u00f3runn Sigur\u00f0ard\u00f3ttir: \u201eAf hr\u00e6r\u00f0um hj\u00f6rtum\u201c \u2013 Tregablandi\u00f0 \u00feakkl\u00e6ti \u00ed heilla\u00f3sk til handa \u00e1rsg\u00f6mlu barni eftir Ara Jochumsson<\/li>\n<li><a href=\"http:\/\/bragi.arnastofnun.is\/hofundur.php?ID=18238\">Kolbr\u00fan Lilja Kolbeinsd\u00f3ttir<\/a>: Stigi\u00f0 yfir \u00fer\u00f6skuld t\u00e1ranna \u2013 Um <a href=\"http:\/\/bragi.arnastofnun.is\/ljod.php?ID=5278\">Upphafningu In\u00f6nnu<\/a> eftir <a href=\"http:\/\/bragi.arnastofnun.is\/hofundur.php?ID=18237\">Enhed\u00fa\u00f6nnu<\/a><\/li>\n<li><a href=\"http:\/\/bragi.arnastofnun.is\/hofundur.php?ID=17349\">\u00de\u00f3r\u00f0ur Helgason<\/a>: Bo\u00f0 \u00e1 \u00e1starfund<\/li>\n<\/ul>\n<p><b>Ritstj\u00f3rnarefni<\/b><\/p>\n<ul class=\"son\">\n<li>\u00d3\u00f0fr\u00e6\u00f0if\u00e9lagi\u00f0 Bo\u00f0n \u2014 ann\u00e1ll \u00e1rsins 2016<\/li>\n<\/ul>\n<p><b>Lj\u00f3\u00f0<\/b><\/p>\n<ul class=\"son\">\n<li><a href=\"http:\/\/bragi.arnastofnun.is\/hofundur.php?ID=16202\">J\u00f3n Ingvar J\u00f3nsson<\/a>: <a href=\"http:\/\/bragi.arnastofnun.is\/balkur.php?b=60\">Brennu-Nj\u00e1ls r\u00edmur<\/a><\/li>\n<li><a href=\"http:\/\/bragi.arnastofnun.is\/hofundur.php?ID=18229\">\u00d3l\u00edna Kjer\u00falf \u00deorvar\u00f0ard\u00f3ttir<\/a>: <a href=\"http:\/\/bragi.arnastofnun.is\/ljod.php?ID=5270\">Verklok<\/a><\/li>\n<li><a href=\"http:\/\/bragi.arnastofnun.is\/hofundur.php?ID=18230\">Soff\u00eda Bjarnad\u00f3ttir<\/a>: <a href=\"http:\/\/bragi.arnastofnun.is\/ljod.php?ID=5271\">Me\u00f0 tungunni<\/a><\/li>\n<li><a href=\"http:\/\/bragi.arnastofnun.is\/hofundur.php?ID=18234\">Eir\u00edkur \u00d6rn Nor\u00f0dahl<\/a>: <a href=\"http:\/\/bragi.arnastofnun.is\/ljod.php?ID=5274\">Lj\u00f3\u00f0 um s\u00fdnileika<\/a><\/li>\n<li><a href=\"http:\/\/bragi.arnastofnun.is\/hofundur.php?ID=18235\">Sigurl\u00edn Bjarney G\u00edslad\u00f3ttir<\/a>: <a href=\"http:\/\/bragi.arnastofnun.is\/ljod.php?ID=5275\">Tv\u00edein\/nn (Hermafr\u00f3d\u00edtus og Salmakis \u00ed tj\u00f6rninni)<\/a><\/li>\n<li><a href=\"http:\/\/bragi.arnastofnun.is\/hofundur.php?ID=18236\">Dagur Hjartarson<\/a>: <a href=\"http:\/\/bragi.arnastofnun.is\/ljod.php?ID=5276\">eftir n\u00e6turvakt \u00e1 Kleppi<\/a><\/li>\n<li><a href=\"http:\/\/bragi.arnastofnun.is\/hofundur.php?ID=17349\">\u00de\u00f3r\u00f0ur Helgason<\/a>: <a href=\"http:\/\/bragi.arnastofnun.is\/ljod.php?ID=5277\">Af j\u00f3laketti<\/a><\/li>\n<li><a href=\"http:\/\/bragi.arnastofnun.is\/hofundur.php?ID=18239\">Gu\u00f0r\u00fan Hannesd\u00f3ttir<\/a>: <a href=\"http:\/\/bragi.arnastofnun.is\/ljod.php?ID=5279\">laus taumur<\/a><\/li>\n<\/ul>\n","protected":false},"excerpt":{"rendered":"<p>S\u00f3narlj\u00f3\u00f0 2016 Sigur\u00f0ur P\u00e1lsson: \u00d3munat\u00ed\u00f0 Ritr\u00fdndar greinar R\u00f3sa \u00deorsteinsd\u00f3ttir: \u201e\u00dea\u00f0 vill heldur djassinn \u2026\u201c \u2013 Um vins\u00e6ldir r\u00edmnakve\u00f0skapar \u00e1 s\u00ed\u00f0ustu \u00f6ld \u00deorgeir Sigur\u00f0sson: Tv\u00edskelfdur h\u00e1ttur og Rekstefja Heimir P\u00e1lsson: Tilraun til menningarbyltingar Sigur\u00f0ur Konr\u00e1\u00f0sson og Ragnar Ingi A\u00f0alsteinsson: Hlutf\u00f6ll hlj\u00f3\u00f0a \u00ed lj\u00f3\u00f0st\u00f6fum Haukur \u00deorgeirsson: Hn\u00fatasvipa Sievers pr\u00f3fessors \u2013 Um bragfr\u00e6\u00f0i V\u00f6lusp\u00e1r \u00d3\u00f0flugur og umr\u00e6\u00f0ugreinar Atli &hellip; <a href=\"https:\/\/bodn.is\/?page_id=157\" class=\"more-link\">Continue reading<span class=\"screen-reader-text\"> &#8220;S\u00f3n 14&#8221;<\/span><\/a><\/p>\n","protected":false},"author":1,"featured_media":0,"parent":0,"menu_order":0,"comment_status":"closed","ping_status":"closed","template":"","meta":[],"_links":{"self":[{"href":"https:\/\/bodn.is\/index.php?rest_route=\/wp\/v2\/pages\/157"}],"collection":[{"href":"https:\/\/bodn.is\/index.php?rest_route=\/wp\/v2\/pages"}],"about":[{"href":"https:\/\/bodn.is\/index.php?rest_route=\/wp\/v2\/types\/page"}],"author":[{"embeddable":true,"href":"https:\/\/bodn.is\/index.php?rest_route=\/wp\/v2\/users\/1"}],"replies":[{"embeddable":true,"href":"https:\/\/bodn.is\/index.php?rest_route=%2Fwp%2Fv2%2Fcomments&post=157"}],"version-history":[{"count":1,"href":"https:\/\/bodn.is\/index.php?rest_route=\/wp\/v2\/pages\/157\/revisions"}],"predecessor-version":[{"id":158,"href":"https:\/\/bodn.is\/index.php?rest_route=\/wp\/v2\/pages\/157\/revisions\/158"}],"wp:attachment":[{"href":"https:\/\/bodn.is\/index.php?rest_route=%2Fwp%2Fv2%2Fmedia&parent=157"}],"curies":[{"name":"wp","href":"https:\/\/api.w.org\/{rel}","templated":true}]}}