{"id":95,"date":"2019-05-04T09:58:51","date_gmt":"2019-05-04T09:58:51","guid":{"rendered":"http:\/\/bodn.is\/?page_id=95"},"modified":"2019-05-04T10:06:27","modified_gmt":"2019-05-04T10:06:27","slug":"son-1","status":"publish","type":"page","link":"https:\/\/bodn.is\/?page_id=95","title":{"rendered":"S\u00f3n 1"},"content":{"rendered":"<p><img loading=\"lazy\" class=\"size-medium wp-image-83 alignright\" src=\"https:\/\/bodn.is\/wp-content\/uploads\/2019\/05\/son2003_forsida-204x300.jpg\" alt=\"\" width=\"204\" height=\"300\" srcset=\"https:\/\/bodn.is\/wp-content\/uploads\/2019\/05\/son2003_forsida-204x300.jpg 204w, https:\/\/bodn.is\/wp-content\/uploads\/2019\/05\/son2003_forsida.jpg 561w\" sizes=\"(max-width: 204px) 85vw, 204px\" \/><\/p>\n<p><b>S\u00f3narlj\u00f3\u00f0 2003<\/b><\/p>\n<ul class=\"son\">\n<li><a href=\"http:\/\/bragi.arnastofnun.is\/hofundur.php?ID=17321\">Johan Ludvig Runeberg<\/a>: <a href=\"http:\/\/bragi.arnastofnun.is\/ljod.php?ID=3906\">Kossinn<\/a> (\u00de\u00fd\u00f0andi: <a href=\"http:\/\/bragi.arnastofnun.is\/hofundur.php?ID=17328\">Helgi H\u00e1lfdanarson<\/a>)<\/li>\n<\/ul>\n<p><b>Greinar<\/b><\/p>\n<ul class=\"son\">\n<li>Kristj\u00e1n Eir\u00edksson: N\u00fd framsetning \u00ed bragfr\u00e6\u00f0i<\/li>\n<li>Kristj\u00e1n \u00c1rnason: Um hrynjandi a\u00f0 fornu og n\u00fdju<\/li>\n<li><a href=\"http:\/\/bragi.arnastofnun.is\/hofundur.php?ID=17349\">\u00de\u00f3r\u00f0ur Helgason<\/a>: \u00c1fangar<\/li>\n<li><a href=\"http:\/\/bragi.arnastofnun.is\/hofundur.php?ID=17349\">\u00de\u00f3r\u00f0ur Helgason<\/a>: Limrur<\/li>\n<li>Einar Sigmarsson: N\u00f3ttin skiptir litum. \u201eHausti\u00f0 er komi\u00f0\u201c eftir Snorra Hjartarson<\/li>\n<\/ul>\n<p><b>H\u00f6fundar lj\u00f3\u00f0a<\/b><\/p>\n<ul class=\"son\">\n<li><a href=\"http:\/\/bragi.arnastofnun.is\/hofundur.php?ID=17372\">G\u00edsli Halld\u00f3rsson<\/a>:\n<ul class=\"son2\">\n<li><a href=\"http:\/\/bragi.arnastofnun.is\/ljod.php?ID=4481\">Gri\u00f0asta\u00f0ur<\/a><\/li>\n<li><a href=\"http:\/\/bragi.arnastofnun.is\/ljod.php?ID=4482\">N\u00fa syng \u00e9g aftur<\/a><\/li>\n<li><a href=\"http:\/\/bragi.arnastofnun.is\/ljod.php?ID=4483\">\u00deakleki<\/a><\/li>\n<li><a href=\"http:\/\/bragi.arnastofnun.is\/ljod.php?ID=4484\">\u00cd r\u00f6kkrinu<\/a><\/li>\n<li><a href=\"http:\/\/bragi.arnastofnun.is\/ljod.php?ID=4486\">Gr\u00fdlukv\u00e6\u00f0i<\/a><\/li>\n<li><a href=\"http:\/\/bragi.arnastofnun.is\/ljod.php?ID=4488\">Martr\u00f6\u00f0<\/a><\/li>\n<li><a href=\"http:\/\/bragi.arnastofnun.is\/ljod.php?ID=4487\">Svo langt hef \u00e9g gengi\u00f0<\/a><\/li>\n<\/ul>\n<\/li>\n<li><a href=\"http:\/\/bragi.arnastofnun.is\/hofundur.php?ID=17675\">Juliusz Kriss<\/a>: <a href=\"http:\/\/bragi.arnastofnun.is\/ljod.php?ID=4485\">Kv\u00f6ldkyrr\u00f0<\/a> (\u00de\u00fd\u00f0andi: <a href=\"http:\/\/bragi.arnastofnun.is\/hofundur.php?ID=17372\">G\u00edsli Halld\u00f3rsson<\/a>)<\/li>\n<li><a href=\"http:\/\/bragi.arnastofnun.is\/hofundur.php?ID=17669\">Sigurbj\u00f6rg \u00derastard\u00f3ttir<\/a>:\n<ul class=\"son2\">\n<li><a href=\"http:\/\/bragi.arnastofnun.is\/ljod.php?ID=4491\">Lestin mikla<\/a><\/li>\n<li><a href=\"http:\/\/bragi.arnastofnun.is\/ljod.php?ID=4489\">Ganga \u00fat<\/a><\/li>\n<li><a href=\"http:\/\/bragi.arnastofnun.is\/ljod.php?ID=4490\">Palesander<\/a><\/li>\n<li><a href=\"http:\/\/bragi.arnastofnun.is\/ljod.php?ID=4492\">Morgunfundur<\/a><\/li>\n<li><a href=\"http:\/\/bragi.arnastofnun.is\/ljod.php?ID=4494\">\u00c1vextir<\/a><\/li>\n<li><a href=\"http:\/\/bragi.arnastofnun.is\/ljod.php?ID=4495\">Metr\u00f3p\u00f3l\u00edsl\u00e6\u00f0a<\/a><\/li>\n<li><a href=\"http:\/\/bragi.arnastofnun.is\/ljod.php?ID=4496\">Hofgy\u00f0ja<\/a><\/li>\n<li><a href=\"http:\/\/bragi.arnastofnun.is\/ljod.php?ID=4497\">R\u00edm<\/a><\/li>\n<li><a href=\"http:\/\/bragi.arnastofnun.is\/ljod.php?ID=4498\">Elska n\u00e1ungann<\/a><\/li>\n<\/ul>\n<\/li>\n<\/ul>\n","protected":false},"excerpt":{"rendered":"<p>S\u00f3narlj\u00f3\u00f0 2003 Johan Ludvig Runeberg: Kossinn (\u00de\u00fd\u00f0andi: Helgi H\u00e1lfdanarson) Greinar Kristj\u00e1n Eir\u00edksson: N\u00fd framsetning \u00ed bragfr\u00e6\u00f0i Kristj\u00e1n \u00c1rnason: Um hrynjandi a\u00f0 fornu og n\u00fdju \u00de\u00f3r\u00f0ur Helgason: \u00c1fangar \u00de\u00f3r\u00f0ur Helgason: Limrur Einar Sigmarsson: N\u00f3ttin skiptir litum. \u201eHausti\u00f0 er komi\u00f0\u201c eftir Snorra Hjartarson H\u00f6fundar lj\u00f3\u00f0a G\u00edsli Halld\u00f3rsson: Gri\u00f0asta\u00f0ur N\u00fa syng \u00e9g aftur \u00deakleki \u00cd r\u00f6kkrinu Gr\u00fdlukv\u00e6\u00f0i Martr\u00f6\u00f0 &hellip; <a href=\"https:\/\/bodn.is\/?page_id=95\" class=\"more-link\">Continue reading<span class=\"screen-reader-text\"> &#8220;S\u00f3n 1&#8221;<\/span><\/a><\/p>\n","protected":false},"author":1,"featured_media":0,"parent":0,"menu_order":0,"comment_status":"closed","ping_status":"closed","template":"","meta":[],"_links":{"self":[{"href":"https:\/\/bodn.is\/index.php?rest_route=\/wp\/v2\/pages\/95"}],"collection":[{"href":"https:\/\/bodn.is\/index.php?rest_route=\/wp\/v2\/pages"}],"about":[{"href":"https:\/\/bodn.is\/index.php?rest_route=\/wp\/v2\/types\/page"}],"author":[{"embeddable":true,"href":"https:\/\/bodn.is\/index.php?rest_route=\/wp\/v2\/users\/1"}],"replies":[{"embeddable":true,"href":"https:\/\/bodn.is\/index.php?rest_route=%2Fwp%2Fv2%2Fcomments&post=95"}],"version-history":[{"count":3,"href":"https:\/\/bodn.is\/index.php?rest_route=\/wp\/v2\/pages\/95\/revisions"}],"predecessor-version":[{"id":98,"href":"https:\/\/bodn.is\/index.php?rest_route=\/wp\/v2\/pages\/95\/revisions\/98"}],"wp:attachment":[{"href":"https:\/\/bodn.is\/index.php?rest_route=%2Fwp%2Fv2%2Fmedia&parent=95"}],"curies":[{"name":"wp","href":"https:\/\/api.w.org\/{rel}","templated":true}]}}